{"id":2337,"date":"2019-03-16T07:58:22","date_gmt":"2019-03-16T07:58:22","guid":{"rendered":"https:\/\/demo.wpthemego.com\/themes\/sw_etrostore_2\/?post_type=product&#038;p=2337"},"modified":"2019-10-27T18:29:06","modified_gmt":"2019-10-27T18:29:06","slug":"habitacion","status":"publish","type":"product","link":"https:\/\/www.hogarena.com.do\/home\/product\/habitacion\/","title":{"rendered":"Habitaci\u00f3n"},"content":{"rendered":"","protected":false},"excerpt":{"rendered":"<p>Brindale a tu habitaci\u00f3n la elegancia y sencillez que necesitas. Es un juego de habitaci\u00f3n en madera preciosa s\u00f3lida, con excelente terminaci\u00f3n.\u00a0 Este esta compuesto por un espaldar, pielera, gavetero de mujer, gavetero de hombre y dos mesas de noche.<\/p>\n<p><a href=\"http:\/\/instagram.com\/p\/B3ug2dPH9iw\/\">VER EN INSTAGRAM<\/a><\/p>\n","protected":false},"featured_media":4248,"template":"","meta":[],"product_cat":[64],"product_tag":[],"_links":{"self":[{"href":"https:\/\/www.hogarena.com.do\/home\/wp-json\/wp\/v2\/product\/2337"}],"collection":[{"href":"https:\/\/www.hogarena.com.do\/home\/wp-json\/wp\/v2\/product"}],"about":[{"href":"https:\/\/www.hogarena.com.do\/home\/wp-json\/wp\/v2\/types\/product"}],"wp:featuredmedia":[{"embeddable":true,"href":"https:\/\/www.hogarena.com.do\/home\/wp-json\/wp\/v2\/media\/4248"}],"wp:attachment":[{"href":"https:\/\/www.hogarena.com.do\/home\/wp-json\/wp\/v2\/media?parent=2337"}],"wp:term":[{"taxonomy":"product_cat","embeddable":true,"href":"https:\/\/www.hogarena.com.do\/home\/wp-json\/wp\/v2\/product_cat?post=2337"},{"taxonomy":"product_tag","embeddable":true,"href":"https:\/\/www.hogarena.com.do\/home\/wp-json\/wp\/v2\/product_tag?post=2337"}],"curies":[{"name":"wp","href":"https:\/\/api.w.org\/{rel}","templated":true}]}}