{"id":2368,"date":"2017-06-25T05:02:04","date_gmt":"2017-06-25T05:02:04","guid":{"rendered":"https:\/\/demo.wpthemego.com\/themes\/sw_furnihome\/layout1\/?page_id=2368"},"modified":"2019-03-27T14:24:38","modified_gmt":"2019-03-27T14:24:38","slug":"quienes-somos","status":"publish","type":"page","link":"https:\/\/www.hogarena.com.do\/home\/quienes-somos\/","title":{"rendered":"Quienes Somos"},"content":{"rendered":"<p>[vc_row full_width=\u00bbstretch_row_content_no_spaces\u00bb full_height=\u00bbyes\u00bb disable_element=\u00bbyes\u00bb][vc_column]\n<div id=\"rev_slider_1_1_wrapper\" class=\"rev_slider_wrapper fullwidthbanner-container\" data-source=\"gallery\" style=\"margin:0px auto;background:transparent;padding:0px;margin-top:0px;margin-bottom:0px;\">\n<!-- START REVOLUTION SLIDER 5.4.6.4 auto mode -->\n\t<div id=\"rev_slider_1_1\" class=\"rev_slider fullwidthabanner\" style=\"display:none;\" data-version=\"5.4.6.4\">\n<ul>\t<!-- SLIDE  -->\n\t<li data-index=\"rs-1\" data-transition=\"fade\" data-slotamount=\"default\" data-hideafterloop=\"0\" data-hideslideonmobile=\"off\"  data-easein=\"default\" data-easeout=\"default\" data-masterspeed=\"300\"  data-thumb=\"https:\/\/www.hogarena.com.do\/home\/wp-content\/uploads\/2019\/02\/aposento-100x50.jpg\"  data-rotate=\"0\"  data-saveperformance=\"off\"  data-title=\"Slide\" data-param1=\"\" data-param2=\"\" data-param3=\"\" data-param4=\"\" data-param5=\"\" data-param6=\"\" data-param7=\"\" data-param8=\"\" data-param9=\"\" data-param10=\"\" data-description=\"\">\n\t\t<!-- MAIN IMAGE -->\n\t\t<img src=\"https:\/\/www.hogarena.com.do\/home\/wp-content\/uploads\/2019\/02\/aposento.jpg\"  alt=\"\" title=\"aposento\"  width=\"2464\" height=\"1636\" data-bgposition=\"center center\" data-bgfit=\"cover\" data-bgrepeat=\"no-repeat\" class=\"rev-slidebg\" data-no-retina>\n\t\t<!-- LAYERS -->\n\n\t\t<!-- LAYER NR. 1 -->\n\t\t<div class=\"tp-caption   tp-resizeme\" \n\t\t\t id=\"slide-1-layer-1\" \n\t\t\t data-x=\"282\" \n\t\t\t data-y=\"335\" \n\t\t\t\t\t\tdata-width=\"['auto']\"\n\t\t\tdata-height=\"['auto']\"\n\t\t\tdata-visibility=\"['on','off','off','off']\"\n \n\t\t\tdata-type=\"text\" \n\t\t\tdata-responsive_offset=\"on\" \n\n\t\t\tdata-frames='[{\"delay\":10,\"speed\":1500,\"frame\":\"0\",\"to\":\"o:1;\",\"ease\":\"Power3.easeInOut\"},{\"delay\":\"wait\",\"speed\":300,\"frame\":\"999\",\"to\":\"opacity:0;\",\"ease\":\"Power3.easeInOut\"}]'\n\t\t\tdata-textAlign=\"['inherit','inherit','inherit','inherit']\"\n\t\t\tdata-paddingtop=\"[0,0,0,0]\"\n\t\t\tdata-paddingright=\"[0,0,0,0]\"\n\t\t\tdata-paddingbottom=\"[0,0,0,0]\"\n\t\t\tdata-paddingleft=\"[0,0,0,0]\"\n\n\t\t\tstyle=\"z-index: 5; white-space: nowrap; font-size: 40px; line-height: 90px; font-weight: 800; color: #ffffff; letter-spacing: 0px;font-family:Arial, Helvetica, sans-serif;text-transform:capitalize;text-shadow:1px 1px #000;\">JUEGO DE HABITACION <\/div>\n\n\t\t<!-- LAYER NR. 2 -->\n\t\t<div class=\"tp-caption   tp-resizeme\" \n\t\t\t id=\"slide-1-layer-2\" \n\t\t\t data-x=\"287\" \n\t\t\t data-y=\"413\" \n\t\t\t\t\t\tdata-width=\"['auto']\"\n\t\t\tdata-height=\"['auto']\"\n\t\t\tdata-visibility=\"['on','off','off','off']\"\n \n\t\t\tdata-type=\"text\" \n\t\t\tdata-responsive_offset=\"on\" \n\n\t\t\tdata-frames='[{\"delay\":10,\"speed\":1500,\"frame\":\"0\",\"to\":\"o:1;\",\"ease\":\"Power3.easeInOut\"},{\"delay\":\"wait\",\"speed\":300,\"frame\":\"999\",\"to\":\"opacity:0;\",\"ease\":\"Power3.easeInOut\"}]'\n\t\t\tdata-textAlign=\"['inherit','inherit','inherit','inherit']\"\n\t\t\tdata-paddingtop=\"[10,10,10,10]\"\n\t\t\tdata-paddingright=\"[20,20,20,20]\"\n\t\t\tdata-paddingbottom=\"[10,10,10,10]\"\n\t\t\tdata-paddingleft=\"[20,20,20,20]\"\n\n\t\t\tstyle=\"z-index: 6; white-space: nowrap; font-size: 15px; line-height: 32px; font-weight: 400; color: #36590f; letter-spacing: 0px;font-family:Arial, Helvetica, sans-serif;text-transform:uppercase;background-color:rgb(255,255,255);\">Elegancia y sencillez que necesitas. <\/div>\n\t<\/li>\n\t<!-- SLIDE  -->\n\t<li data-index=\"rs-2\" data-transition=\"fade\" data-slotamount=\"default\" data-hideafterloop=\"0\" data-hideslideonmobile=\"off\"  data-easein=\"default\" data-easeout=\"default\" data-masterspeed=\"300\"  data-thumb=\"https:\/\/www.hogarena.com.do\/home\/wp-content\/uploads\/2019\/02\/sofa-100x50.jpg\"  data-rotate=\"0\"  data-saveperformance=\"off\"  data-title=\"Slide\" data-param1=\"\" data-param2=\"\" data-param3=\"\" data-param4=\"\" data-param5=\"\" data-param6=\"\" data-param7=\"\" data-param8=\"\" data-param9=\"\" data-param10=\"\" data-description=\"\">\n\t\t<!-- MAIN IMAGE -->\n\t\t<img src=\"https:\/\/www.hogarena.com.do\/home\/wp-content\/uploads\/2019\/02\/sofa.jpg\"  alt=\"\" title=\"sofa\"  width=\"3422\" height=\"2273\" data-bgposition=\"center center\" data-bgfit=\"cover\" data-bgrepeat=\"no-repeat\" class=\"rev-slidebg\" data-no-retina>\n\t\t<!-- LAYERS -->\n\n\t\t<!-- LAYER NR. 3 -->\n\t\t<div class=\"tp-caption   tp-resizeme\" \n\t\t\t id=\"slide-2-layer-1\" \n\t\t\t data-x=\"282\" \n\t\t\t data-y=\"325\" \n\t\t\t\t\t\tdata-width=\"['auto']\"\n\t\t\tdata-height=\"['auto']\"\n\t\t\tdata-visibility=\"['on','off','off','off']\"\n \n\t\t\tdata-type=\"text\" \n\t\t\tdata-responsive_offset=\"on\" \n\n\t\t\tdata-frames='[{\"delay\":0,\"split\":\"chars\",\"splitdelay\":0.05,\"speed\":2000,\"split_direction\":\"forward\",\"frame\":\"0\",\"to\":\"o:1;\",\"ease\":\"Power4.easeInOut\"},{\"delay\":\"wait\",\"speed\":300,\"frame\":\"999\",\"to\":\"opacity:0;\",\"ease\":\"Power3.easeInOut\"}]'\n\t\t\tdata-textAlign=\"['inherit','inherit','inherit','inherit']\"\n\t\t\tdata-paddingtop=\"[0,0,0,0]\"\n\t\t\tdata-paddingright=\"[0,0,0,0]\"\n\t\t\tdata-paddingbottom=\"[0,0,0,0]\"\n\t\t\tdata-paddingleft=\"[0,0,0,0]\"\n\n\t\t\tstyle=\"z-index: 5; white-space: nowrap; font-size: 40px; line-height: 90px; font-weight: 800; color: #ffffff; letter-spacing: 0px;font-family:Arial, Helvetica, sans-serif;text-transform:capitalize;text-shadow:1px 1px #000;\">JUEGO DE SOFA <\/div>\n\n\t\t<!-- LAYER NR. 4 -->\n\t\t<div class=\"tp-caption   tp-resizeme\" \n\t\t\t id=\"slide-2-layer-2\" \n\t\t\t data-x=\"284\" \n\t\t\t data-y=\"414\" \n\t\t\t\t\t\tdata-width=\"['auto']\"\n\t\t\tdata-height=\"['auto']\"\n\t\t\tdata-visibility=\"['on','off','off','off']\"\n \n\t\t\tdata-type=\"text\" \n\t\t\tdata-responsive_offset=\"on\" \n\n\t\t\tdata-frames='[{\"delay\":0,\"speed\":1500,\"frame\":\"0\",\"to\":\"o:1;\",\"ease\":\"Power3.easeOut\"},{\"delay\":\"wait\",\"speed\":300,\"frame\":\"999\",\"to\":\"opacity:0;\",\"ease\":\"Power3.easeInOut\"}]'\n\t\t\tdata-textAlign=\"['inherit','inherit','inherit','inherit']\"\n\t\t\tdata-paddingtop=\"[10,10,10,10]\"\n\t\t\tdata-paddingright=\"[20,20,20,20]\"\n\t\t\tdata-paddingbottom=\"[10,10,10,10]\"\n\t\t\tdata-paddingleft=\"[20,20,20,20]\"\n\n\t\t\tstyle=\"z-index: 6; white-space: nowrap; font-size: 15px; line-height: 32px; font-weight: 400; color: #36590f; letter-spacing: 0px;font-family:Arial, Helvetica, sans-serif;text-transform:uppercase;background-color:rgb(255,255,255);\">En madera preciosa <\/div>\n\t<\/li>\n\t<!-- SLIDE  -->\n\t<li data-index=\"rs-3\" data-transition=\"fade\" data-slotamount=\"default\" data-hideafterloop=\"0\" data-hideslideonmobile=\"off\"  data-easein=\"default\" data-easeout=\"default\" data-masterspeed=\"300\"  data-thumb=\"https:\/\/www.hogarena.com.do\/home\/wp-content\/uploads\/2019\/02\/comedor-100x50.jpg\"  data-rotate=\"0\"  data-saveperformance=\"off\"  data-title=\"Slide\" data-param1=\"\" data-param2=\"\" data-param3=\"\" data-param4=\"\" data-param5=\"\" data-param6=\"\" data-param7=\"\" data-param8=\"\" data-param9=\"\" data-param10=\"\" data-description=\"\">\n\t\t<!-- MAIN IMAGE -->\n\t\t<img src=\"https:\/\/www.hogarena.com.do\/home\/wp-content\/uploads\/2019\/02\/comedor.jpg\"  alt=\"\" title=\"comedor\"  width=\"3422\" height=\"2273\" data-bgposition=\"center center\" data-bgfit=\"cover\" data-bgrepeat=\"no-repeat\" class=\"rev-slidebg\" data-no-retina>\n\t\t<!-- LAYERS -->\n\n\t\t<!-- LAYER NR. 5 -->\n\t\t<div class=\"tp-caption   tp-resizeme\" \n\t\t\t id=\"slide-3-layer-1\" \n\t\t\t data-x=\"257\" \n\t\t\t data-y=\"327\" \n\t\t\t\t\t\tdata-width=\"['auto']\"\n\t\t\tdata-height=\"['auto']\"\n\t\t\tdata-visibility=\"['on','off','off','off']\"\n \n\t\t\tdata-type=\"text\" \n\t\t\tdata-responsive_offset=\"on\" \n\n\t\t\tdata-frames='[{\"delay\":0,\"split\":\"chars\",\"splitdelay\":0.1,\"speed\":2000,\"split_direction\":\"forward\",\"frame\":\"0\",\"to\":\"o:1;\",\"ease\":\"Power4.easeInOut\"},{\"delay\":\"wait\",\"speed\":300,\"frame\":\"999\",\"to\":\"opacity:0;\",\"ease\":\"Power3.easeInOut\"}]'\n\t\t\tdata-textAlign=\"['inherit','inherit','inherit','inherit']\"\n\t\t\tdata-paddingtop=\"[0,0,0,0]\"\n\t\t\tdata-paddingright=\"[0,0,0,0]\"\n\t\t\tdata-paddingbottom=\"[0,0,0,0]\"\n\t\t\tdata-paddingleft=\"[0,0,0,0]\"\n\n\t\t\tstyle=\"z-index: 5; white-space: nowrap; font-size: 40px; line-height: 90px; font-weight: 800; color: #ffffff; letter-spacing: 0px;font-family:Arial, Helvetica, sans-serif;text-transform:capitalize;text-shadow:1px 1px #000;\">JUEGO DE COMEDOR <\/div>\n\n\t\t<!-- LAYER NR. 6 -->\n\t\t<div class=\"tp-caption   tp-resizeme\" \n\t\t\t id=\"slide-3-layer-2\" \n\t\t\t data-x=\"260\" \n\t\t\t data-y=\"415\" \n\t\t\t\t\t\tdata-width=\"['auto']\"\n\t\t\tdata-height=\"['auto']\"\n\t\t\tdata-visibility=\"['on','off','off','off']\"\n \n\t\t\tdata-type=\"text\" \n\t\t\tdata-responsive_offset=\"on\" \n\n\t\t\tdata-frames='[{\"delay\":0,\"speed\":1500,\"frame\":\"0\",\"to\":\"o:1;\",\"ease\":\"Power3.easeOut\"},{\"delay\":\"wait\",\"speed\":300,\"frame\":\"999\",\"to\":\"opacity:0;\",\"ease\":\"Power3.easeInOut\"}]'\n\t\t\tdata-textAlign=\"['inherit','inherit','inherit','inherit']\"\n\t\t\tdata-paddingtop=\"[10,10,10,10]\"\n\t\t\tdata-paddingright=\"[20,20,20,20]\"\n\t\t\tdata-paddingbottom=\"[10,10,10,10]\"\n\t\t\tdata-paddingleft=\"[20,20,20,20]\"\n\n\t\t\tstyle=\"z-index: 6; white-space: nowrap; font-size: 15px; line-height: 32px; font-weight: 400; color: #36590f; letter-spacing: 0px;font-family:Arial, Helvetica, sans-serif;text-transform:uppercase;background-color:rgb(255,255,255);\">tope de cristal biselado <\/div>\n\t<\/li>\n\t<!-- SLIDE  -->\n\t<li data-index=\"rs-20\" data-transition=\"fade\" data-slotamount=\"default\" data-hideafterloop=\"0\" data-hideslideonmobile=\"off\"  data-easein=\"default\" data-easeout=\"default\" data-masterspeed=\"300\"  data-thumb=\"https:\/\/www.hogarena.com.do\/home\/wp-content\/uploads\/2019\/02\/comedor-100x50.jpg\"  data-rotate=\"0\"  data-saveperformance=\"off\"  data-title=\"Slide\" data-param1=\"\" data-param2=\"\" data-param3=\"\" data-param4=\"\" data-param5=\"\" data-param6=\"\" data-param7=\"\" data-param8=\"\" data-param9=\"\" data-param10=\"\" data-description=\"\">\n\t\t<!-- MAIN IMAGE -->\n\t\t<img src=\"https:\/\/www.hogarena.com.do\/home\/wp-content\/uploads\/2019\/02\/comedor.jpg\"  alt=\"\" title=\"comedor\"  width=\"3422\" height=\"2273\" data-bgposition=\"center center\" data-bgfit=\"cover\" data-bgrepeat=\"no-repeat\" class=\"rev-slidebg\" data-no-retina>\n\t\t<!-- LAYERS -->\n\n\t\t<!-- LAYER NR. 7 -->\n\t\t<div class=\"tp-caption   tp-resizeme\" \n\t\t\t id=\"slide-20-layer-1\" \n\t\t\t data-x=\"257\" \n\t\t\t data-y=\"327\" \n\t\t\t\t\t\tdata-width=\"['auto']\"\n\t\t\tdata-height=\"['auto']\"\n\t\t\tdata-visibility=\"['on','off','off','off']\"\n \n\t\t\tdata-type=\"text\" \n\t\t\tdata-responsive_offset=\"on\" \n\n\t\t\tdata-frames='[{\"delay\":0,\"split\":\"chars\",\"splitdelay\":0.1,\"speed\":2000,\"split_direction\":\"forward\",\"frame\":\"0\",\"to\":\"o:1;\",\"ease\":\"Power4.easeInOut\"},{\"delay\":\"wait\",\"speed\":300,\"frame\":\"999\",\"to\":\"opacity:0;\",\"ease\":\"Power3.easeInOut\"}]'\n\t\t\tdata-textAlign=\"['inherit','inherit','inherit','inherit']\"\n\t\t\tdata-paddingtop=\"[0,0,0,0]\"\n\t\t\tdata-paddingright=\"[0,0,0,0]\"\n\t\t\tdata-paddingbottom=\"[0,0,0,0]\"\n\t\t\tdata-paddingleft=\"[0,0,0,0]\"\n\n\t\t\tstyle=\"z-index: 5; white-space: nowrap; font-size: 40px; line-height: 90px; font-weight: 800; color: #ffffff; letter-spacing: 0px;font-family:Arial, Helvetica, sans-serif;text-transform:capitalize;text-shadow:1px 1px #000;\">JUEGO DE COMEDOR <\/div>\n\n\t\t<!-- LAYER NR. 8 -->\n\t\t<div class=\"tp-caption   tp-resizeme\" \n\t\t\t id=\"slide-20-layer-2\" \n\t\t\t data-x=\"260\" \n\t\t\t data-y=\"415\" \n\t\t\t\t\t\tdata-width=\"['auto']\"\n\t\t\tdata-height=\"['auto']\"\n\t\t\tdata-visibility=\"['on','off','off','off']\"\n \n\t\t\tdata-type=\"text\" \n\t\t\tdata-responsive_offset=\"on\" \n\n\t\t\tdata-frames='[{\"delay\":0,\"speed\":1500,\"frame\":\"0\",\"to\":\"o:1;\",\"ease\":\"Power3.easeOut\"},{\"delay\":\"wait\",\"speed\":300,\"frame\":\"999\",\"to\":\"opacity:0;\",\"ease\":\"Power3.easeInOut\"}]'\n\t\t\tdata-textAlign=\"['inherit','inherit','inherit','inherit']\"\n\t\t\tdata-paddingtop=\"[10,10,10,10]\"\n\t\t\tdata-paddingright=\"[20,20,20,20]\"\n\t\t\tdata-paddingbottom=\"[10,10,10,10]\"\n\t\t\tdata-paddingleft=\"[20,20,20,20]\"\n\n\t\t\tstyle=\"z-index: 6; white-space: nowrap; font-size: 15px; line-height: 32px; font-weight: 400; color: #36590f; letter-spacing: 0px;font-family:Arial, Helvetica, sans-serif;text-transform:uppercase;background-color:rgb(255,255,255);\">tope de cristal biselado <\/div>\n\t<\/li>\n<\/ul>\n<script>var htmlDiv = document.getElementById(\"rs-plugin-settings-inline-css\"); var htmlDivCss=\"\";\r\n\t\t\t\t\t\tif(htmlDiv) {\r\n\t\t\t\t\t\t\thtmlDiv.innerHTML = htmlDiv.innerHTML + htmlDivCss;\r\n\t\t\t\t\t\t}else{\r\n\t\t\t\t\t\t\tvar htmlDiv = document.createElement(\"div\");\r\n\t\t\t\t\t\t\thtmlDiv.innerHTML = \"<style>\" + htmlDivCss + \"<\/style>\";\r\n\t\t\t\t\t\t\tdocument.getElementsByTagName(\"head\")[0].appendChild(htmlDiv.childNodes[0]);\r\n\t\t\t\t\t\t}\r\n\t\t\t\t\t<\/script>\n<div class=\"tp-bannertimer tp-bottom\" style=\"visibility: hidden !important;\"><\/div>\t<\/div>\n<script>var htmlDiv = document.getElementById(\"rs-plugin-settings-inline-css\"); var htmlDivCss=\"\";\r\n\t\t\t\tif(htmlDiv) {\r\n\t\t\t\t\thtmlDiv.innerHTML = htmlDiv.innerHTML + htmlDivCss;\r\n\t\t\t\t}else{\r\n\t\t\t\t\tvar htmlDiv = document.createElement(\"div\");\r\n\t\t\t\t\thtmlDiv.innerHTML = \"<style>\" + htmlDivCss + \"<\/style>\";\r\n\t\t\t\t\tdocument.getElementsByTagName(\"head\")[0].appendChild(htmlDiv.childNodes[0]);\r\n\t\t\t\t}\r\n\t\t\t<\/script>\n\t\t<script type=\"text\/javascript\">\r\nsetREVStartSize({c: jQuery('#rev_slider_1_1'), gridwidth: [1920], gridheight: [800], sliderLayout: 'auto'});\r\n\t\t\t\r\nvar revapi1,\r\n\ttpj=jQuery;\r\n\t\t\t\r\ntpj(document).ready(function() {\n\tif(tpj(\"#rev_slider_1_1\").revolution == undefined){\n\t\trevslider_showDoubleJqueryError(\"#rev_slider_1_1\");\n\t}else{\n\t\trevapi1 = tpj(\"#rev_slider_1_1\").show().revolution({\n\t\t\tsliderType:\"standard\",\n\t\t\tjsFileLocation:\"\/\/www.hogarena.com.do\/home\/wp-content\/plugins\/revslider\/public\/assets\/js\/\",\n\t\t\tsliderLayout:\"auto\",\n\t\t\tdottedOverlay:\"none\",\n\t\t\tdelay:9000,\n\t\t\tnavigation: {\n\t\t\t\tkeyboardNavigation:\"off\",\n\t\t\t\tkeyboard_direction: \"horizontal\",\n\t\t\t\tmouseScrollNavigation:\"off\",\n \t\t\t\t\t\t\tmouseScrollReverse:\"default\",\n\t\t\t\tonHoverStop:\"off\",\n\t\t\t\tarrows: {\n\t\t\t\t\tstyle:\"zeus\",\n\t\t\t\t\tenable:true,\n\t\t\t\t\thide_onmobile:false,\n\t\t\t\t\thide_onleave:false,\n\t\t\t\t\ttmp:'<div class=\"tp-title-wrap\">  \t<div class=\"tp-arr-imgholder\"><\/div> <\/div>',\n\t\t\t\t\tleft: {\n\t\t\t\t\t\th_align:\"left\",\n\t\t\t\t\t\tv_align:\"center\",\n\t\t\t\t\t\th_offset:20,\n\t\t\t\t\t\tv_offset:0\n\t\t\t\t\t},\n\t\t\t\t\tright: {\n\t\t\t\t\t\th_align:\"right\",\n\t\t\t\t\t\tv_align:\"center\",\n\t\t\t\t\t\th_offset:20,\n\t\t\t\t\t\tv_offset:0\n\t\t\t\t\t}\n\t\t\t\t}\n\t\t\t\t,\n\t\t\t\tbullets: {\n\t\t\t\t\tenable:true,\n\t\t\t\t\thide_onmobile:false,\n\t\t\t\t\tstyle:\"hesperiden\",\n\t\t\t\t\thide_onleave:false,\n\t\t\t\t\tdirection:\"horizontal\",\n\t\t\t\t\th_align:\"center\",\n\t\t\t\t\tv_align:\"bottom\",\n\t\t\t\t\th_offset:0,\n\t\t\t\t\tv_offset:20,\n\t\t\t\t\tspace:12,\n\t\t\t\t\ttmp:''\n\t\t\t\t}\n\t\t\t},\n\t\t\tvisibilityLevels:[1240,1024,778,480],\n\t\t\tgridwidth:1920,\n\t\t\tgridheight:800,\n\t\t\tlazyType:\"none\",\n\t\t\tshadow:0,\n\t\t\tspinner:\"spinner0\",\n\t\t\tstopLoop:\"off\",\n\t\t\tstopAfterLoops:-1,\n\t\t\tstopAtSlide:-1,\n\t\t\tshuffle:\"off\",\n\t\t\tautoHeight:\"off\",\n\t\t\tdisableProgressBar:\"on\",\n\t\t\thideThumbsOnMobile:\"off\",\n\t\t\thideSliderAtLimit:0,\n\t\t\thideCaptionAtLimit:0,\n\t\t\thideAllCaptionAtLilmit:0,\n\t\t\tdebugMode:false,\n\t\t\tfallbacks: {\n\t\t\t\tsimplifyAll:\"off\",\n\t\t\t\tnextSlideOnWindowFocus:\"off\",\n\t\t\t\tdisableFocusListener:false,\n\t\t\t}\n\t\t});\n\t}\n\t\n});\t\/*ready*\/\n<\/script>\r\n\t\t<script>\r\n\t\t\t\t\tvar htmlDivCss = unescape(\"%23rev_slider_1_1%20.zeus.tparrows%20%7B%0A%20%20cursor%3Apointer%3B%0A%20%20min-width%3A70px%3B%0A%20%20min-height%3A70px%3B%0A%20%20position%3Aabsolute%3B%0A%20%20display%3Ablock%3B%0A%20%20z-index%3A100%3B%0A%20%20border-radius%3A50%25%3B%20%20%20%0A%20%20overflow%3Ahidden%3B%0A%20%20background%3Argba%280%2C0%2C0%2C0.1%29%3B%0A%7D%0A%0A%23rev_slider_1_1%20.zeus.tparrows%3Abefore%20%7B%0A%20%20font-family%3A%20%22revicons%22%3B%0A%20%20font-size%3A20px%3B%0A%20%20color%3Argb%28255%2C%20255%2C%20255%29%3B%0A%20%20display%3Ablock%3B%0A%20%20line-height%3A%2070px%3B%0A%20%20text-align%3A%20center%3B%20%20%20%20%0A%20%20z-index%3A2%3B%0A%20%20position%3Arelative%3B%0A%7D%0A%23rev_slider_1_1%20.zeus.tparrows.tp-leftarrow%3Abefore%20%7B%0A%20%20content%3A%20%22%5Ce824%22%3B%0A%7D%0A%23rev_slider_1_1%20.zeus.tparrows.tp-rightarrow%3Abefore%20%7B%0A%20%20content%3A%20%22%5Ce825%22%3B%0A%7D%0A%0A%23rev_slider_1_1%20.zeus%20.tp-title-wrap%20%7B%0A%20%20background%3Argba%280%2C0%2C0%2C0.5%29%3B%0A%20%20width%3A100%25%3B%0A%20%20height%3A100%25%3B%0A%20%20top%3A0px%3B%0A%20%20left%3A0px%3B%0A%20%20position%3Aabsolute%3B%0A%20%20opacity%3A0%3B%0A%20%20transform%3Ascale%280%29%3B%0A%20%20-webkit-transform%3Ascale%280%29%3B%0A%20%20%20transition%3A%20all%200.3s%3B%0A%20%20-webkit-transition%3Aall%200.3s%3B%0A%20%20-moz-transition%3Aall%200.3s%3B%0A%20%20%20border-radius%3A50%25%3B%0A%20%7D%0A%23rev_slider_1_1%20.zeus%20.tp-arr-imgholder%20%7B%0A%20%20width%3A100%25%3B%0A%20%20height%3A100%25%3B%0A%20%20position%3Aabsolute%3B%0A%20%20top%3A0px%3B%0A%20%20left%3A0px%3B%0A%20%20background-position%3Acenter%20center%3B%0A%20%20background-size%3Acover%3B%0A%20%20border-radius%3A50%25%3B%0A%20%20transform%3Atranslatex%28-100%25%29%3B%0A%20%20-webkit-transform%3Atranslatex%28-100%25%29%3B%0A%20%20%20transition%3A%20all%200.3s%3B%0A%20%20-webkit-transition%3Aall%200.3s%3B%0A%20%20-moz-transition%3Aall%200.3s%3B%0A%0A%20%7D%0A%23rev_slider_1_1%20.zeus.tp-rightarrow%20.tp-arr-imgholder%20%7B%0A%20%20%20%20transform%3Atranslatex%28100%25%29%3B%0A%20%20-webkit-transform%3Atranslatex%28100%25%29%3B%0A%20%20%20%20%20%20%7D%0A%23rev_slider_1_1%20.zeus.tparrows%3Ahover%20.tp-arr-imgholder%20%7B%0A%20%20transform%3Atranslatex%280%29%3B%0A%20%20-webkit-transform%3Atranslatex%280%29%3B%0A%20%20opacity%3A1%3B%0A%7D%0A%20%20%20%20%20%20%0A%23rev_slider_1_1%20.zeus.tparrows%3Ahover%20.tp-title-wrap%20%7B%0A%20%20transform%3Ascale%281%29%3B%0A%20%20-webkit-transform%3Ascale%281%29%3B%0A%20%20opacity%3A1%3B%0A%7D%0A%20%0A.hesperiden.tp-bullets%20%7B%0A%7D%0A.hesperiden.tp-bullets%3Abefore%20%7B%0A%09content%3A%22%20%22%3B%0A%09position%3Aabsolute%3B%0A%09width%3A100%25%3B%0A%09height%3A100%25%3B%0A%09background%3Atransparent%3B%0A%09padding%3A10px%3B%0A%09margin-left%3A-10px%3Bmargin-top%3A-10px%3B%0A%09box-sizing%3Acontent-box%3B%0A%20%20%20border-radius%3A8px%3B%0A%20%20%0A%7D%0A.hesperiden%20.tp-bullet%20%7B%0A%09width%3A8px%3B%0A%09height%3A8px%3B%0A%09position%3Aabsolute%3B%0A%09background%3A%20rgb%280%2C%200%2C%200%2C%200%29%3B%20%2F%2A%20old%20browsers%20%2A%2F%0A%20%20%20%20background%3A%20-moz-linear-gradient%28top%2C%20%20rgb%280%2C%200%2C%200%2C%200%29%200%25%2C%20rgb%280%2C%200%2C%200%2C%200%29%20100%25%29%3B%20%2F%2A%20ff3.6%2B%20%2A%2F%0A%20%20%20%20background%3A%20-webkit-linear-gradient%28top%2C%20%20rgb%280%2C%200%2C%200%2C%200%29%200%25%2Crgb%280%2C%200%2C%200%2C%200%29%20100%25%29%3B%20%2F%2A%20chrome10%2B%2Csafari5.1%2B%20%2A%2F%0A%20%20%20%20background%3A%20-o-linear-gradient%28top%2C%20%20rgb%280%2C%200%2C%200%2C%200%29%200%25%2Crgb%280%2C%200%2C%200%2C%200%29%20100%25%29%3B%20%2F%2A%20opera%2011.10%2B%20%2A%2F%0A%20%20%20%20background%3A%20-ms-linear-gradient%28top%2C%20%20rgb%280%2C%200%2C%200%2C%200%29%200%25%2Crgb%280%2C%200%2C%200%2C%200%29%20100%25%29%3B%20%2F%2A%20ie10%2B%20%2A%2F%0A%20%20%20%20background%3A%20linear-gradient%28to%20bottom%2C%20%20rgb%280%2C%200%2C%200%2C%200%29%200%25%2Crgb%280%2C%200%2C%200%2C%200%29%20100%25%29%3B%20%2F%2A%20w3c%20%2A%2F%0A%20%20%20%20filter%3A%20progid%3Adximagetransform.microsoft.gradient%28%20%0A%20%20%20%20startcolorstr%3D%22rgb%280%2C%200%2C%200%2C%200%29%22%2C%20endcolorstr%3D%22rgb%280%2C%200%2C%200%2C%200%29%22%2Cgradienttype%3D0%20%29%3B%20%2F%2A%20ie6-9%20%2A%2F%0A%09border%3A2px%20solid%20rgb%28255%2C%20255%2C%20255%29%3B%0A%09border-radius%3A50%25%3B%0A%09cursor%3A%20pointer%3B%0A%09box-sizing%3Acontent-box%3B%0A%7D%0A.hesperiden%20.tp-bullet%3Ahover%2C%0A.hesperiden%20.tp-bullet.selected%20%7B%0A%09background%3Argb%28255%2C%2068%2C%2068%29%3B%0A%7D%0A.hesperiden%20.tp-bullet-image%20%7B%0A%7D%0A.hesperiden%20.tp-bullet-title%20%7B%0A%7D%0A%0A\");\r\n\t\t\t\t\tvar htmlDiv = document.getElementById('rs-plugin-settings-inline-css');\r\n\t\t\t\t\tif(htmlDiv) {\r\n\t\t\t\t\t\thtmlDiv.innerHTML = htmlDiv.innerHTML + htmlDivCss;\r\n\t\t\t\t\t}\r\n\t\t\t\t\telse{\r\n\t\t\t\t\t\tvar htmlDiv = document.createElement('div');\r\n\t\t\t\t\t\thtmlDiv.innerHTML = '<style>' + htmlDivCss + '<\/style>';\r\n\t\t\t\t\t\tdocument.getElementsByTagName('head')[0].appendChild(htmlDiv.childNodes[0]);\r\n\t\t\t\t\t}\r\n\t\t\t\t  <\/script>\r\n\t\t\t\t<\/div><!-- END REVOLUTION SLIDER -->[\/vc_column][\/vc_row][vc_row][vc_column width=\u00bb1\/4&#8243;][\/vc_column][vc_column width=\u00bb1\/2&#8243;][vc_empty_space][vc_empty_space][vc_empty_space][vc_column_text el_class=\u00bbabout_us\u00bb]<\/p>\n<h1 style=\"text-align: center;\"><strong>Quienes somos<\/strong><\/h1>\n<p>&nbsp;<\/p>\n<p style=\"text-align: center;\" align=\"justify\">Desde 1984 la familia Hogare\u00f1a ha trabajado arduamente con el objetivo de \u201cSer una empresa de prestigio, comprometidos a ofrecer un servicio excepcional a sus clientes y ofrecer productos con calidad que satisfagan sus necesidades\u201d.<\/p>\n<p style=\"text-align: center;\" align=\"justify\">Nuestras tiendas est\u00e1n estrat\u00e9gicamente ubicadas en Santo Domingo, ofreciendo dos accesibles exhibiciones a nuestros clientes Vicente de Pa\u00fal # 113, Las Palmas de Alma Rosa y en la Av. Gustavo Mej\u00eda Ricart, esq. Palacio de los Deportes, dispuestos a ofrecer \u201cCalidad Garantizada a Buenos Precios\u201d.<\/p>\n<p>[\/vc_column_text][vc_empty_space][\/vc_column][vc_column width=\u00bb1\/4&#8243;][\/vc_column][\/vc_row]<\/p>\n","protected":false},"excerpt":{"rendered":"<p>[vc_row full_width=\u00bbstretch_row_content_no_spaces\u00bb full_height=\u00bbyes\u00bb disable_element=\u00bbyes\u00bb][vc_column][\/vc_column][\/vc_row][vc_row][vc_column width=\u00bb1\/4&#8243;][\/vc_column][vc_column width=\u00bb1\/2&#8243;][vc_empty_space][vc_empty_space][vc_empty_space][vc_column_text el_class=\u00bbabout_us\u00bb] Quienes somos &nbsp; Desde 1984 la familia Hogare\u00f1a ha trabajado arduamente con el objetivo de \u201cSer una empresa de prestigio, comprometidos a ofrecer un servicio excepcional a sus clientes y ofrecer productos con &hellip; <a href=\"https:\/\/www.hogarena.com.do\/home\/quienes-somos\/\">Readmore<\/a><\/p>\n","protected":false},"author":1,"featured_media":0,"parent":0,"menu_order":0,"comment_status":"closed","ping_status":"closed","template":"","meta":[],"_links":{"self":[{"href":"https:\/\/www.hogarena.com.do\/home\/wp-json\/wp\/v2\/pages\/2368"}],"collection":[{"href":"https:\/\/www.hogarena.com.do\/home\/wp-json\/wp\/v2\/pages"}],"about":[{"href":"https:\/\/www.hogarena.com.do\/home\/wp-json\/wp\/v2\/types\/page"}],"author":[{"embeddable":true,"href":"https:\/\/www.hogarena.com.do\/home\/wp-json\/wp\/v2\/users\/1"}],"replies":[{"embeddable":true,"href":"https:\/\/www.hogarena.com.do\/home\/wp-json\/wp\/v2\/comments?post=2368"}],"version-history":[{"count":11,"href":"https:\/\/www.hogarena.com.do\/home\/wp-json\/wp\/v2\/pages\/2368\/revisions"}],"predecessor-version":[{"id":4196,"href":"https:\/\/www.hogarena.com.do\/home\/wp-json\/wp\/v2\/pages\/2368\/revisions\/4196"}],"wp:attachment":[{"href":"https:\/\/www.hogarena.com.do\/home\/wp-json\/wp\/v2\/media?parent=2368"}],"curies":[{"name":"wp","href":"https:\/\/api.w.org\/{rel}","templated":true}]}}